{"id":13785,"date":"2023-04-25T16:32:50","date_gmt":"2023-04-25T22:32:50","guid":{"rendered":"https:\/\/richyrocks.com\/coolenglish\/?page_id=13785"},"modified":"2024-07-25T16:09:12","modified_gmt":"2024-07-25T22:09:12","slug":"english-coaching","status":"publish","type":"page","link":"https:\/\/richyrocks.com\/coolenglish\/english-coaching\/","title":{"rendered":"professional english coaching\/contact"},"content":{"rendered":"<div id=\"mc_embed_shell\">\n<p>quieres tener m\u00e1s confianza cuando hablas ingl\u00e9s en la oficina? prefieres tener la seguridad que te da capacitaci\u00f3n con un coach nativo? contrata el english coaching en l\u00ednea de richyrocks english &#x1f449;&#x1f3fc;es pr\u00e1ctico, din\u00e1mico y divertido.<\/p>\n<p><a href=\"https:\/\/richyrocks.com\/coolenglish\/wp-content\/uploads\/2015\/02\/richy.jpg\"><img decoding=\"async\" loading=\"lazy\" class=\"alignnone size-medium wp-image-493\" src=\"https:\/\/richyrocks.com\/coolenglish\/wp-content\/uploads\/2015\/02\/richy-300x225.jpg\" alt=\"richyrocks english coaching para profesionales \" width=\"300\" height=\"225\" \/><\/a><\/p>\n<h5><em>richyrocks english&#8211;m\u00e1s de 20 a\u00f1os de experiencia, bilingue ingl\u00e9s\/epsa\u00f1ol<br \/>\n<\/em><\/h5>\n<p><a href=\"https:\/\/richyrocks.com\/coolenglish\/\" target=\"_blank\" rel=\"noopener\">richyrocks english <\/a>tiene mas de veinte a\u00f1os de experiencia impartiendo clases de ingl\u00e9s para profesionales.\u00a0 he trabajado con personal de compa\u00f1\u00edas como grupo bimbo, google, aws, citi banamex, hsbc, microsoft, bbva, banorte, stellantis, honeywell, coca-cola, cisco y el bur\u00f3 de cr\u00e9dito.<\/p>\n<h3>&#x1f4aa;&#x1f3fc;richyrocks english coaching para profesionales<\/h3>\n<p>el coaching se basa en el vocabulario en ingl\u00e9s y las necesidades directas que surgen de las actividades profesionales de los alumnos. para su conveniencia, las sesiones de english coaching se reparten en l\u00ednea por la plataforma zoom.<\/p>\n<p>si tienes inter\u00e9s, favor de contactarme en&#8230;<\/p>\n<p style=\"text-align: center;\"><strong><span style=\"color: #ff00ff;\">courses@richyrocks.com<\/span><\/strong><\/p>\n<\/div>\n","protected":false},"excerpt":{"rendered":"<p>quieres tener m\u00e1s confianza cuando hablas ingl\u00e9s en la oficina? prefieres tener la seguridad que te da capacitaci\u00f3n con un coach nativo? contrata el english&hellip;<\/p>\n","protected":false},"author":1,"featured_media":493,"parent":0,"menu_order":0,"comment_status":"closed","ping_status":"closed","template":"","meta":{"_exactmetrics_skip_tracking":false,"_exactmetrics_sitenote_active":false,"_exactmetrics_sitenote_note":"","_exactmetrics_sitenote_category":0,"spay_email":""},"_links":{"self":[{"href":"https:\/\/richyrocks.com\/coolenglish\/wp-json\/wp\/v2\/pages\/13785"}],"collection":[{"href":"https:\/\/richyrocks.com\/coolenglish\/wp-json\/wp\/v2\/pages"}],"about":[{"href":"https:\/\/richyrocks.com\/coolenglish\/wp-json\/wp\/v2\/types\/page"}],"author":[{"embeddable":true,"href":"https:\/\/richyrocks.com\/coolenglish\/wp-json\/wp\/v2\/users\/1"}],"replies":[{"embeddable":true,"href":"https:\/\/richyrocks.com\/coolenglish\/wp-json\/wp\/v2\/comments?post=13785"}],"version-history":[{"count":14,"href":"https:\/\/richyrocks.com\/coolenglish\/wp-json\/wp\/v2\/pages\/13785\/revisions"}],"predecessor-version":[{"id":14984,"href":"https:\/\/richyrocks.com\/coolenglish\/wp-json\/wp\/v2\/pages\/13785\/revisions\/14984"}],"wp:featuredmedia":[{"embeddable":true,"href":"https:\/\/richyrocks.com\/coolenglish\/wp-json\/wp\/v2\/media\/493"}],"wp:attachment":[{"href":"https:\/\/richyrocks.com\/coolenglish\/wp-json\/wp\/v2\/media?parent=13785"}],"curies":[{"name":"wp","href":"https:\/\/api.w.org\/{rel}","templated":true}]}}